{"id":10738,"date":"2021-12-22T10:53:17","date_gmt":"2021-12-22T10:53:17","guid":{"rendered":"https:\/\/draft.nuestrostories.com\/\/?page_id=10738"},"modified":"2023-10-05T18:17:48","modified_gmt":"2023-10-05T18:17:48","slug":"equipo","status":"publish","type":"page","link":"https:\/\/draft.nuestrostories.com\/es\/equipo\/","title":{"rendered":"Nuestra historia"},"content":{"rendered":"\n<p>Nuestro Stories es una plataforma innovadora de medios digitales y documentales \"con causa\" que cuenta LAS \"Historias de Origen\" y las historias de las tradiciones culturales, canciones, refranes, lugares, comidas, personas, deportes, matices, logros notables y mucho m\u00e1s que, en conjunto, componen la historia y la cultura pop latinas.<\/p>\n\n\n\n<p>Nuestro Stories est\u00e1 dirigido por <a href=\"mailto:angela.sustaitaruiz@brillamedia.com\">\u00c1ngela Sustaita-Ruiz<\/a> y Manny Ruiz, creadores de \u201cHispanicize\" y fundadores de las industrias hispanas de marketing en redes sociales y de personas influyentes, de la industria latina de comunicados de prensa por difusi\u00f3n y de la primera red de empresas hispanas de medios de comunicaci\u00f3n en internet.<\/p>\n\n\n\n<p><strong><strong>Nuestra Filosof\u00eda Editorial<\/strong><\/strong><\/p>\n\n\n\n<p>Ferozmente apartidista E inclusiva para los latinos que abarcan desde Estados Unidos hasta Espa\u00f1a, incluyendo Puerto Rico, Hawai y Alaska, la plataforma se dirige individualmente a los hispanos multigeneracionales mayores de 18 a\u00f1os.<\/p>\n\n\n\n<p>Nuestro compromiso es compartir nuestras historias de formas creativas y convincentes que eleven, inspiren e informen, y tambi\u00e9n asegurarnos de que esas historias presenten a todo el espectro de latinos, desde conservadores y liberales hasta afro-latinos y LGBTQ+.<\/p>\n\n\n\n<p class=\"has-text-align-left\"><strong><strong>Asociaci\u00f3n con los FRIENDS<\/strong><\/strong><\/p>\n\n\n\n<p>Como plataforma de medios de comunicaci\u00f3n, contenidos e iniciativas culturales asociada a los FRIENDS del Museum of the American Latino que est\u00e1 trabajando para construir el Smithsonian Latino en el National Mall, Nuestro Stories se dedica a asegurarse de que se comprende y aprecia la narrativa de los latinos en este pa\u00eds.<\/p>\n\n\n\n<p>Valoramos los comentarios de nuestro p\u00fablico y esperamos que puedas contribuir a ayudarnos a contar esas historias que realmente hacen de estas, \u00a1Nuestras Historias!<\/p>\n","protected":false},"excerpt":{"rendered":"<p>Nuestro Stories es una plataforma innovadora de medios digitales y documentales \"con causa\" que cuenta LAS \"Historias de Origen\" y las historias de las tradiciones culturales, canciones, refranes, lugares, comidas, personas, deportes, matices, logros notables y mucho m\u00e1s que, en conjunto, componen la historia y la cultura pop latinas. Nuestro Stories est\u00e1 dirigido por \u00c1ngela [&hellip;]<\/p>\n","protected":false},"author":10,"featured_media":0,"parent":0,"menu_order":0,"comment_status":"closed","ping_status":"closed","template":"","meta":{"_acf_changed":false,"footnotes":""},"class_list":["post-10738","page","type-page","status-publish","hentry"],"acf":[],"yoast_head":"<!-- This site is optimized with the Yoast SEO plugin v23.5 - https:\/\/yoast.com\/wordpress\/plugins\/seo\/ -->\n<title>Nuestra historia - Nuestro Stories<\/title>\n<meta name=\"robots\" content=\"index, follow, max-snippet:-1, max-image-preview:large, max-video-preview:-1\" \/>\n<link rel=\"canonical\" href=\"https:\/\/draft.nuestrostories.com\/es\/equipo\/\" \/>\n<meta property=\"og:locale\" content=\"es_ES\" \/>\n<meta property=\"og:type\" content=\"article\" \/>\n<meta property=\"og:title\" content=\"Nuestra historia - Nuestro Stories\" \/>\n<meta property=\"og:description\" content=\"Nuestro Stories es una plataforma innovadora de medios digitales y documentales &quot;con causa&quot; que cuenta LAS &quot;Historias de Origen&quot; y las historias de las tradiciones culturales, canciones, refranes, lugares, comidas, personas, deportes, matices, logros notables y mucho m\u00e1s que, en conjunto, componen la historia y la cultura pop latinas. Nuestro Stories est\u00e1 dirigido por \u00c1ngela [&hellip;]\" \/>\n<meta property=\"og:url\" content=\"https:\/\/draft.nuestrostories.com\/es\/equipo\/\" \/>\n<meta property=\"og:site_name\" content=\"Nuestro Stories\" \/>\n<meta property=\"article:modified_time\" content=\"2023-10-05T18:17:48+00:00\" \/>\n<meta name=\"twitter:card\" content=\"summary_large_image\" \/>\n<meta name=\"twitter:label1\" content=\"Tiempo de lectura\" \/>\n\t<meta name=\"twitter:data1\" content=\"1 minuto\" \/>\n<script type=\"application\/ld+json\" class=\"yoast-schema-graph\">{\"@context\":\"https:\/\/schema.org\",\"@graph\":[{\"@type\":\"WebPage\",\"@id\":\"https:\/\/draft.nuestrostories.com\/es\/equipo\/\",\"url\":\"https:\/\/draft.nuestrostories.com\/es\/equipo\/\",\"name\":\"Nuestra historia - Nuestro Stories\",\"isPartOf\":{\"@id\":\"https:\/\/draft.nuestrostories.com\/es\/#website\"},\"datePublished\":\"2021-12-22T10:53:17+00:00\",\"dateModified\":\"2023-10-05T18:17:48+00:00\",\"breadcrumb\":{\"@id\":\"https:\/\/draft.nuestrostories.com\/es\/equipo\/#breadcrumb\"},\"inLanguage\":\"es\",\"potentialAction\":[{\"@type\":\"ReadAction\",\"target\":[\"https:\/\/draft.nuestrostories.com\/es\/equipo\/\"]}]},{\"@type\":\"BreadcrumbList\",\"@id\":\"https:\/\/draft.nuestrostories.com\/es\/equipo\/#breadcrumb\",\"itemListElement\":[{\"@type\":\"ListItem\",\"position\":1,\"name\":\"Home\",\"item\":\"https:\/\/draft.nuestrostories.com\/es\/\"},{\"@type\":\"ListItem\",\"position\":2,\"name\":\"Nuestra historia\"}]},{\"@type\":\"WebSite\",\"@id\":\"https:\/\/draft.nuestrostories.com\/es\/#website\",\"url\":\"https:\/\/draft.nuestrostories.com\/es\/\",\"name\":\"Nuestro Stories\",\"description\":\"Latino Heritage. Every Day.\",\"potentialAction\":[{\"@type\":\"SearchAction\",\"target\":{\"@type\":\"EntryPoint\",\"urlTemplate\":\"https:\/\/draft.nuestrostories.com\/es\/?s={search_term_string}\"},\"query-input\":{\"@type\":\"PropertyValueSpecification\",\"valueRequired\":true,\"valueName\":\"search_term_string\"}}],\"inLanguage\":\"es\"}]}<\/script>\n<!-- \/ Yoast SEO plugin. -->","yoast_head_json":{"title":"Nuestra historia - Nuestro Stories","robots":{"index":"index","follow":"follow","max-snippet":"max-snippet:-1","max-image-preview":"max-image-preview:large","max-video-preview":"max-video-preview:-1"},"canonical":"https:\/\/draft.nuestrostories.com\/es\/equipo\/","og_locale":"es_ES","og_type":"article","og_title":"Nuestra historia - Nuestro Stories","og_description":"Nuestro Stories es una plataforma innovadora de medios digitales y documentales \"con causa\" que cuenta LAS \"Historias de Origen\" y las historias de las tradiciones culturales, canciones, refranes, lugares, comidas, personas, deportes, matices, logros notables y mucho m\u00e1s que, en conjunto, componen la historia y la cultura pop latinas. Nuestro Stories est\u00e1 dirigido por \u00c1ngela [&hellip;]","og_url":"https:\/\/draft.nuestrostories.com\/es\/equipo\/","og_site_name":"Nuestro Stories","article_modified_time":"2023-10-05T18:17:48+00:00","twitter_card":"summary_large_image","twitter_misc":{"Tiempo de lectura":"1 minuto"},"schema":{"@context":"https:\/\/schema.org","@graph":[{"@type":"WebPage","@id":"https:\/\/draft.nuestrostories.com\/es\/equipo\/","url":"https:\/\/draft.nuestrostories.com\/es\/equipo\/","name":"Nuestra historia - Nuestro Stories","isPartOf":{"@id":"https:\/\/draft.nuestrostories.com\/es\/#website"},"datePublished":"2021-12-22T10:53:17+00:00","dateModified":"2023-10-05T18:17:48+00:00","breadcrumb":{"@id":"https:\/\/draft.nuestrostories.com\/es\/equipo\/#breadcrumb"},"inLanguage":"es","potentialAction":[{"@type":"ReadAction","target":["https:\/\/draft.nuestrostories.com\/es\/equipo\/"]}]},{"@type":"BreadcrumbList","@id":"https:\/\/draft.nuestrostories.com\/es\/equipo\/#breadcrumb","itemListElement":[{"@type":"ListItem","position":1,"name":"Home","item":"https:\/\/draft.nuestrostories.com\/es\/"},{"@type":"ListItem","position":2,"name":"Nuestra historia"}]},{"@type":"WebSite","@id":"https:\/\/draft.nuestrostories.com\/es\/#website","url":"https:\/\/draft.nuestrostories.com\/es\/","name":"Nuestro Stories","description":"Latino Heritage. Every Day.","potentialAction":[{"@type":"SearchAction","target":{"@type":"EntryPoint","urlTemplate":"https:\/\/draft.nuestrostories.com\/es\/?s={search_term_string}"},"query-input":{"@type":"PropertyValueSpecification","valueRequired":true,"valueName":"search_term_string"}}],"inLanguage":"es"}]}},"_links":{"self":[{"href":"https:\/\/draft.nuestrostories.com\/es\/wp-json\/wp\/v2\/pages\/10738","targetHints":{"allow":["GET"]}}],"collection":[{"href":"https:\/\/draft.nuestrostories.com\/es\/wp-json\/wp\/v2\/pages"}],"about":[{"href":"https:\/\/draft.nuestrostories.com\/es\/wp-json\/wp\/v2\/types\/page"}],"author":[{"embeddable":true,"href":"https:\/\/draft.nuestrostories.com\/es\/wp-json\/wp\/v2\/users\/10"}],"replies":[{"embeddable":true,"href":"https:\/\/draft.nuestrostories.com\/es\/wp-json\/wp\/v2\/comments?post=10738"}],"version-history":[{"count":12,"href":"https:\/\/draft.nuestrostories.com\/es\/wp-json\/wp\/v2\/pages\/10738\/revisions"}],"predecessor-version":[{"id":10787,"href":"https:\/\/draft.nuestrostories.com\/es\/wp-json\/wp\/v2\/pages\/10738\/revisions\/10787"}],"wp:attachment":[{"href":"https:\/\/draft.nuestrostories.com\/es\/wp-json\/wp\/v2\/media?parent=10738"}],"curies":[{"name":"wp","href":"https:\/\/api.w.org\/{rel}","templated":true}]}}